{"id":21,"date":"2010-07-08T09:39:22","date_gmt":"2010-07-08T07:39:22","guid":{"rendered":"http:\/\/omnia-instaurare-in-christo.de\/cgi-bin\/weblog_basic\/index.php?page_id=21"},"modified":"2012-01-06T15:28:26","modified_gmt":"2012-01-06T13:28:26","slug":"omniblog","status":"publish","type":"page","link":"http:\/\/omnia.alte-messe-bistum-speyer.de\/?page_id=21","title":{"rendered":"OmniBlog"},"content":{"rendered":"<div>\n<h2 style=\"text-align: center;\">Die heilige Messe im \u00fcberlieferten lateinischen<\/h2>\n<h2 style=\"text-align: center;\">tridentinischen (au\u00dferordentlichen*) r\u00f6mischen<\/h2>\n<h2 style=\"text-align: center;\">Ritus<\/h2>\n<h3 style=\"text-align: center;\">Die &#8222;alte Messe&#8220; im Bistum Speyer<\/h3>\n<p style=\"text-align: center;\"><img decoding=\"async\" src=\"http:\/\/alte-messe-bistum-speyer.de\/bilder\/kreuzigung-ikone.jpg\" border=\"0\" alt=\"Kreuz-Ikone\" width=\"150\" \/><\/p>\n<\/div>\n<h4>&gt;&gt;Omniblog&lt; &lt;  ist ein privates Nachrichtenportal f\u00fcr<\/h4>\n<ul>\n<li>die heilige Messe im <em>\u00fcberlieferten lateinischen<\/em> au\u00dferordentlichen r\u00f6mischen Ritus im Bistum Speyer<\/li>\n<li>und anderen Themen im Bereich Glaube und Werte.<\/li>\n<\/ul>\n<h4>Hier finden Sie alle Infos zur<\/h4>\n<ul>\n<li>alte Messe in Neustadt \/ Stiftskirche, St. \u00c4gidius<\/li>\n<li>alte Messe in Schifferstadt \/ St. Laurentius<\/li>\n<li>alte Messe in Speyer \/ St. German<\/li>\n<li>alte Messe in Kreimbach-Kaulbach \/ Wallfahrtskirche &#8222;Maria-Hilf&#8220;<\/li>\n<\/ul>\n<p><a href=\"http:\/\/alte-messe-bistum-speyer.de\">weitere Inhalte<\/a><\/p>\n<h6>*: so genannt im Motuproprio Summorum Pontificum von Papst Benedikt XVI vom 07. 07. &#8217;07<\/h6>\n","protected":false},"excerpt":{"rendered":"<p>Die heilige Messe im \u00fcberlieferten lateinischen tridentinischen (au\u00dferordentlichen*) r\u00f6mischen Ritus Die &#8222;alte Messe&#8220; im Bistum Speyer &gt;&gt;Omniblog&lt; &lt; ist ein privates Nachrichtenportal f\u00fcr die heilige Messe im \u00fcberlieferten lateinischen au\u00dferordentlichen r\u00f6mischen Ritus im Bistum Speyer und anderen Themen im Bereich Glaube und Werte. Hier finden Sie alle Infos zur alte Messe in Neustadt \/ Stiftskirche, &hellip; <a href=\"http:\/\/omnia.alte-messe-bistum-speyer.de\/?page_id=21\" class=\"more-link\"><span class=\"screen-reader-text\">OmniBlog<\/span> weiterlesen<\/a><\/p>\n","protected":false},"author":1,"featured_media":0,"parent":0,"menu_order":0,"comment_status":"open","ping_status":"open","template":"","meta":{"footnotes":""},"class_list":["post-21","page","type-page","status-publish","hentry"],"yoast_head":"<!-- This site is optimized with the Yoast SEO plugin v25.8 - https:\/\/yoast.com\/wordpress\/plugins\/seo\/ -->\n<title>OmniBlog - OmniBlog<\/title>\n<meta name=\"robots\" content=\"index, follow, max-snippet:-1, max-image-preview:large, max-video-preview:-1\" \/>\n<link rel=\"canonical\" href=\"http:\/\/omnia.alte-messe-bistum-speyer.de\/?page_id=21\" \/>\n<meta property=\"og:locale\" content=\"de_DE\" \/>\n<meta property=\"og:type\" content=\"article\" \/>\n<meta property=\"og:title\" content=\"OmniBlog - OmniBlog\" \/>\n<meta property=\"og:description\" content=\"Die heilige Messe im \u00fcberlieferten lateinischen tridentinischen (au\u00dferordentlichen*) r\u00f6mischen Ritus Die &#8222;alte Messe&#8220; im Bistum Speyer &gt;&gt;Omniblog&lt; &lt; ist ein privates Nachrichtenportal f\u00fcr die heilige Messe im \u00fcberlieferten lateinischen au\u00dferordentlichen r\u00f6mischen Ritus im Bistum Speyer und anderen Themen im Bereich Glaube und Werte. Hier finden Sie alle Infos zur alte Messe in Neustadt \/ Stiftskirche, &hellip; OmniBlog weiterlesen\" \/>\n<meta property=\"og:url\" content=\"http:\/\/omnia.alte-messe-bistum-speyer.de\/?page_id=21\" \/>\n<meta property=\"og:site_name\" content=\"OmniBlog\" \/>\n<meta property=\"article:modified_time\" content=\"2012-01-06T13:28:26+00:00\" \/>\n<meta property=\"og:image\" content=\"http:\/\/alte-messe-bistum-speyer.de\/bilder\/kreuzigung-ikone.jpg\" \/>\n<meta name=\"twitter:card\" content=\"summary_large_image\" \/>\n<script type=\"application\/ld+json\" class=\"yoast-schema-graph\">{\"@context\":\"https:\/\/schema.org\",\"@graph\":[{\"@type\":\"WebPage\",\"@id\":\"http:\/\/omnia.alte-messe-bistum-speyer.de\/?page_id=21\",\"url\":\"http:\/\/omnia.alte-messe-bistum-speyer.de\/?page_id=21\",\"name\":\"OmniBlog - OmniBlog\",\"isPartOf\":{\"@id\":\"http:\/\/omnia.alte-messe-bistum-speyer.de\/#website\"},\"primaryImageOfPage\":{\"@id\":\"http:\/\/omnia.alte-messe-bistum-speyer.de\/?page_id=21#primaryimage\"},\"image\":{\"@id\":\"http:\/\/omnia.alte-messe-bistum-speyer.de\/?page_id=21#primaryimage\"},\"thumbnailUrl\":\"http:\/\/alte-messe-bistum-speyer.de\/bilder\/kreuzigung-ikone.jpg\",\"datePublished\":\"2010-07-08T07:39:22+00:00\",\"dateModified\":\"2012-01-06T13:28:26+00:00\",\"breadcrumb\":{\"@id\":\"http:\/\/omnia.alte-messe-bistum-speyer.de\/?page_id=21#breadcrumb\"},\"inLanguage\":\"de\",\"potentialAction\":[{\"@type\":\"ReadAction\",\"target\":[\"http:\/\/omnia.alte-messe-bistum-speyer.de\/?page_id=21\"]}]},{\"@type\":\"ImageObject\",\"inLanguage\":\"de\",\"@id\":\"http:\/\/omnia.alte-messe-bistum-speyer.de\/?page_id=21#primaryimage\",\"url\":\"http:\/\/alte-messe-bistum-speyer.de\/bilder\/kreuzigung-ikone.jpg\",\"contentUrl\":\"http:\/\/alte-messe-bistum-speyer.de\/bilder\/kreuzigung-ikone.jpg\"},{\"@type\":\"BreadcrumbList\",\"@id\":\"http:\/\/omnia.alte-messe-bistum-speyer.de\/?page_id=21#breadcrumb\",\"itemListElement\":[{\"@type\":\"ListItem\",\"position\":1,\"name\":\"Startseite\",\"item\":\"http:\/\/omnia.alte-messe-bistum-speyer.de\/\"},{\"@type\":\"ListItem\",\"position\":2,\"name\":\"OmniBlog\"}]},{\"@type\":\"WebSite\",\"@id\":\"http:\/\/omnia.alte-messe-bistum-speyer.de\/#website\",\"url\":\"http:\/\/omnia.alte-messe-bistum-speyer.de\/\",\"name\":\"OmniBlog\",\"description\":\"Katholischer Glaube - Christliche Werte\",\"publisher\":{\"@id\":\"http:\/\/omnia.alte-messe-bistum-speyer.de\/#organization\"},\"potentialAction\":[{\"@type\":\"SearchAction\",\"target\":{\"@type\":\"EntryPoint\",\"urlTemplate\":\"http:\/\/omnia.alte-messe-bistum-speyer.de\/?s={search_term_string}\"},\"query-input\":{\"@type\":\"PropertyValueSpecification\",\"valueRequired\":true,\"valueName\":\"search_term_string\"}}],\"inLanguage\":\"de\"},{\"@type\":\"Organization\",\"@id\":\"http:\/\/omnia.alte-messe-bistum-speyer.de\/#organization\",\"name\":\"Omniblog\",\"url\":\"http:\/\/omnia.alte-messe-bistum-speyer.de\/\",\"logo\":{\"@type\":\"ImageObject\",\"inLanguage\":\"de\",\"@id\":\"http:\/\/omnia.alte-messe-bistum-speyer.de\/#\/schema\/logo\/image\/\",\"url\":\"http:\/\/omnia.alte-messe-bistum-speyer.de\/wp-content\/uploads\/2020\/03\/HL.Messe_.png\",\"contentUrl\":\"http:\/\/omnia.alte-messe-bistum-speyer.de\/wp-content\/uploads\/2020\/03\/HL.Messe_.png\",\"width\":487,\"height\":666,\"caption\":\"Omniblog\"},\"image\":{\"@id\":\"http:\/\/omnia.alte-messe-bistum-speyer.de\/#\/schema\/logo\/image\/\"}}]}<\/script>\n<!-- \/ Yoast SEO plugin. -->","yoast_head_json":{"title":"OmniBlog - OmniBlog","robots":{"index":"index","follow":"follow","max-snippet":"max-snippet:-1","max-image-preview":"max-image-preview:large","max-video-preview":"max-video-preview:-1"},"canonical":"http:\/\/omnia.alte-messe-bistum-speyer.de\/?page_id=21","og_locale":"de_DE","og_type":"article","og_title":"OmniBlog - OmniBlog","og_description":"Die heilige Messe im \u00fcberlieferten lateinischen tridentinischen (au\u00dferordentlichen*) r\u00f6mischen Ritus Die &#8222;alte Messe&#8220; im Bistum Speyer &gt;&gt;Omniblog&lt; &lt; ist ein privates Nachrichtenportal f\u00fcr die heilige Messe im \u00fcberlieferten lateinischen au\u00dferordentlichen r\u00f6mischen Ritus im Bistum Speyer und anderen Themen im Bereich Glaube und Werte. Hier finden Sie alle Infos zur alte Messe in Neustadt \/ Stiftskirche, &hellip; OmniBlog weiterlesen","og_url":"http:\/\/omnia.alte-messe-bistum-speyer.de\/?page_id=21","og_site_name":"OmniBlog","article_modified_time":"2012-01-06T13:28:26+00:00","og_image":[{"url":"http:\/\/alte-messe-bistum-speyer.de\/bilder\/kreuzigung-ikone.jpg","type":"","width":"","height":""}],"twitter_card":"summary_large_image","schema":{"@context":"https:\/\/schema.org","@graph":[{"@type":"WebPage","@id":"http:\/\/omnia.alte-messe-bistum-speyer.de\/?page_id=21","url":"http:\/\/omnia.alte-messe-bistum-speyer.de\/?page_id=21","name":"OmniBlog - OmniBlog","isPartOf":{"@id":"http:\/\/omnia.alte-messe-bistum-speyer.de\/#website"},"primaryImageOfPage":{"@id":"http:\/\/omnia.alte-messe-bistum-speyer.de\/?page_id=21#primaryimage"},"image":{"@id":"http:\/\/omnia.alte-messe-bistum-speyer.de\/?page_id=21#primaryimage"},"thumbnailUrl":"http:\/\/alte-messe-bistum-speyer.de\/bilder\/kreuzigung-ikone.jpg","datePublished":"2010-07-08T07:39:22+00:00","dateModified":"2012-01-06T13:28:26+00:00","breadcrumb":{"@id":"http:\/\/omnia.alte-messe-bistum-speyer.de\/?page_id=21#breadcrumb"},"inLanguage":"de","potentialAction":[{"@type":"ReadAction","target":["http:\/\/omnia.alte-messe-bistum-speyer.de\/?page_id=21"]}]},{"@type":"ImageObject","inLanguage":"de","@id":"http:\/\/omnia.alte-messe-bistum-speyer.de\/?page_id=21#primaryimage","url":"http:\/\/alte-messe-bistum-speyer.de\/bilder\/kreuzigung-ikone.jpg","contentUrl":"http:\/\/alte-messe-bistum-speyer.de\/bilder\/kreuzigung-ikone.jpg"},{"@type":"BreadcrumbList","@id":"http:\/\/omnia.alte-messe-bistum-speyer.de\/?page_id=21#breadcrumb","itemListElement":[{"@type":"ListItem","position":1,"name":"Startseite","item":"http:\/\/omnia.alte-messe-bistum-speyer.de\/"},{"@type":"ListItem","position":2,"name":"OmniBlog"}]},{"@type":"WebSite","@id":"http:\/\/omnia.alte-messe-bistum-speyer.de\/#website","url":"http:\/\/omnia.alte-messe-bistum-speyer.de\/","name":"OmniBlog","description":"Katholischer Glaube - Christliche Werte","publisher":{"@id":"http:\/\/omnia.alte-messe-bistum-speyer.de\/#organization"},"potentialAction":[{"@type":"SearchAction","target":{"@type":"EntryPoint","urlTemplate":"http:\/\/omnia.alte-messe-bistum-speyer.de\/?s={search_term_string}"},"query-input":{"@type":"PropertyValueSpecification","valueRequired":true,"valueName":"search_term_string"}}],"inLanguage":"de"},{"@type":"Organization","@id":"http:\/\/omnia.alte-messe-bistum-speyer.de\/#organization","name":"Omniblog","url":"http:\/\/omnia.alte-messe-bistum-speyer.de\/","logo":{"@type":"ImageObject","inLanguage":"de","@id":"http:\/\/omnia.alte-messe-bistum-speyer.de\/#\/schema\/logo\/image\/","url":"http:\/\/omnia.alte-messe-bistum-speyer.de\/wp-content\/uploads\/2020\/03\/HL.Messe_.png","contentUrl":"http:\/\/omnia.alte-messe-bistum-speyer.de\/wp-content\/uploads\/2020\/03\/HL.Messe_.png","width":487,"height":666,"caption":"Omniblog"},"image":{"@id":"http:\/\/omnia.alte-messe-bistum-speyer.de\/#\/schema\/logo\/image\/"}}]}},"_links":{"self":[{"href":"http:\/\/omnia.alte-messe-bistum-speyer.de\/index.php?rest_route=\/wp\/v2\/pages\/21","targetHints":{"allow":["GET"]}}],"collection":[{"href":"http:\/\/omnia.alte-messe-bistum-speyer.de\/index.php?rest_route=\/wp\/v2\/pages"}],"about":[{"href":"http:\/\/omnia.alte-messe-bistum-speyer.de\/index.php?rest_route=\/wp\/v2\/types\/page"}],"author":[{"embeddable":true,"href":"http:\/\/omnia.alte-messe-bistum-speyer.de\/index.php?rest_route=\/wp\/v2\/users\/1"}],"replies":[{"embeddable":true,"href":"http:\/\/omnia.alte-messe-bistum-speyer.de\/index.php?rest_route=%2Fwp%2Fv2%2Fcomments&post=21"}],"version-history":[{"count":7,"href":"http:\/\/omnia.alte-messe-bistum-speyer.de\/index.php?rest_route=\/wp\/v2\/pages\/21\/revisions"}],"predecessor-version":[{"id":1291,"href":"http:\/\/omnia.alte-messe-bistum-speyer.de\/index.php?rest_route=\/wp\/v2\/pages\/21\/revisions\/1291"}],"wp:attachment":[{"href":"http:\/\/omnia.alte-messe-bistum-speyer.de\/index.php?rest_route=%2Fwp%2Fv2%2Fmedia&parent=21"}],"curies":[{"name":"wp","href":"https:\/\/api.w.org\/{rel}","templated":true}]}}